{"id":31601,"date":"2022-09-12T20:23:51","date_gmt":"2022-09-12T18:23:51","guid":{"rendered":"https:\/\/kit.lukasiewicz.gov.pl\/aktualnosci2\/"},"modified":"2023-01-16T10:31:01","modified_gmt":"2023-01-16T09:31:01","slug":"information","status":"publish","type":"page","link":"https:\/\/kit.lukasiewicz.gov.pl\/en\/information\/","title":{"rendered":"Information"},"content":{"rendered":"\t\t<div data-elementor-type=\"wp-page\" data-elementor-id=\"31601\" class=\"elementor elementor-31601\" data-elementor-post-type=\"page\">\n\t\t\t\t\t\t<section class=\"elementor-section elementor-top-section elementor-element elementor-element-d4088ab elementor-section-boxed elementor-section-height-default elementor-section-height-default\" data-id=\"d4088ab\" data-element_type=\"section\" data-e-type=\"section\">\n\t\t\t\t\t\t<div class=\"elementor-container elementor-column-gap-default\">\n\t\t\t\t\t<div class=\"elementor-column elementor-col-100 elementor-top-column elementor-element elementor-element-df767e6\" data-id=\"df767e6\" data-element_type=\"column\" data-e-type=\"column\">\n\t\t\t<div class=\"elementor-widget-wrap\">\n\t\t\t\t\t\t\t<\/div>\n\t\t<\/div>\n\t\t\t\t\t<\/div>\n\t\t<\/section>\n\t\t\t\t<section class=\"elementor-section elementor-top-section elementor-element elementor-element-f2bf37e elementor-section-boxed elementor-section-height-default elementor-section-height-default\" data-id=\"f2bf37e\" data-element_type=\"section\" data-e-type=\"section\">\n\t\t\t\t\t\t<div class=\"elementor-container elementor-column-gap-default\">\n\t\t\t\t\t<div class=\"elementor-column elementor-col-100 elementor-top-column elementor-element elementor-element-c0a9529\" data-id=\"c0a9529\" data-element_type=\"column\" data-e-type=\"column\">\n\t\t\t<div class=\"elementor-widget-wrap elementor-element-populated\">\n\t\t\t\t\t\t<div class=\"elementor-element elementor-element-b23154d elementor-widget elementor-widget-heading\" data-id=\"b23154d\" data-element_type=\"widget\" data-e-type=\"widget\" data-widget_type=\"heading.default\">\n\t\t\t\t<div class=\"elementor-widget-container\">\n\t\t\t\t\t<h2 class=\"elementor-heading-title elementor-size-default\">Information<\/h2>\t\t\t\t<\/div>\n\t\t\t\t<\/div>\n\t\t\t\t\t<\/div>\n\t\t<\/div>\n\t\t\t\t\t<\/div>\n\t\t<\/section>\n\t\t\t\t<section class=\"elementor-section elementor-top-section elementor-element elementor-element-08500c8 elementor-section-boxed elementor-section-height-default elementor-section-height-default\" data-id=\"08500c8\" data-element_type=\"section\" data-e-type=\"section\">\n\t\t\t\t\t\t<div class=\"elementor-container elementor-column-gap-default\">\n\t\t\t\t\t<div class=\"elementor-column elementor-col-100 elementor-top-column elementor-element elementor-element-66e8405\" data-id=\"66e8405\" data-element_type=\"column\" data-e-type=\"column\">\n\t\t\t<div class=\"elementor-widget-wrap elementor-element-populated\">\n\t\t\t\t\t\t<div class=\"elementor-element elementor-element-4ce8b78 elementor-widget elementor-widget-news_list_with_filters\" data-id=\"4ce8b78\" data-element_type=\"widget\" data-e-type=\"widget\" data-widget_type=\"news_list_with_filters.default\">\n\t\t\t\t<div class=\"elementor-widget-container\">\n\t\t\t\t\t<div class=\"row\"><div class=\"col-12 text-md-center mb-4 mb-lg-5\"><ul class=\"list-unstyled list-inline d-flex justify-content-center flex-wrap\"><li class=\"list-inline-item mb-2\"><a class=\"nlwfw-posts__filter \" href=\"https:\/\/kit.lukasiewicz.gov.pl\/en\/information\/?c=255\"><span>Events<\/span><\/a><\/li><li class=\"list-inline-item mb-2\"><a class=\"nlwfw-posts__filter \" href=\"https:\/\/kit.lukasiewicz.gov.pl\/en\/information\/?c=253\"><span>Successes<\/span><\/a><\/li><li class=\"list-inline-item mb-2\"><a class=\"nlwfw-posts__filter \" href=\"https:\/\/kit.lukasiewicz.gov.pl\/en\/information\/?c=252\"><span>Podcasts<\/span><\/a><\/li><li class=\"list-inline-item mb-2\"><a class=\"nlwfw-posts__filter \" href=\"https:\/\/kit.lukasiewicz.gov.pl\/en\/information\/?c=254\"><span>Technologies<\/span><\/a><\/li><li class=\"list-inline-item mb-2\"><a class=\"nlwfw-posts__filter \" href=\"https:\/\/kit.lukasiewicz.gov.pl\/en\/information\/?c=251\"><span>Institute<\/span><\/a><\/li><\/ul><\/div><div class=\"col-12 col-lg-8\"><ul class=\"nlwfw-posts__list\"><li class=\"nlwfw-posts-list__no-results\">No results in the category<\/li><\/ul><\/div><div class=\"d-none d-lg-block col-lg-3 offset-lg-1\"><\/div>\t\t\t\t<\/div>\n\t\t\t\t<\/div>\n\t\t\t\t\t<\/div>\n\t\t<\/div>\n\t\t\t\t\t<\/div>\n\t\t<\/section>\n\t\t\t\t<\/div>\n\t\t","protected":false},"excerpt":{"rendered":"<p>News Wydarzenia Sukcesy Podcast Technologie Instytuty Aktualno\u015bci Aktualno\u015bci Aktualno\u015bci11 pa\u017a 20223 min Jak zwi\u0119kszy\u0107 dost\u0119pno\u015b\u0107 wody? Badaczka z \u0141ukasiewicz \u2013 IMiF opracowa\u0142a sensory wykrywaj\u0105ce zanieczyszczenia Jak zwi\u0119kszy\u0107 dost\u0119pno\u015b\u0107 wody? Badaczka z \u0141ukasiewicz \u2013 IMiF opracowa\u0142a sensory wykrywaj\u0105ce zanieczyszczenia Aktualno\u015bci Aktualno\u015bci05 pa\u017a 20222 min Wsp\u00f3lne projekty badawcze z Tajwanem \u0141ukasiewicz kontynuuje&nbsp;wsp\u00f3\u0142prac\u0119 naukow\u0105 z Tajwanem. 27 wrze\u015bnia [&hellip;]<\/p>\n","protected":false},"author":21,"featured_media":0,"parent":0,"menu_order":0,"comment_status":"closed","ping_status":"closed","template":"","meta":{"_acf_changed":false,"_seopress_robots_primary_cat":"","_seopress_titles_title":"","_seopress_titles_desc":"","_seopress_robots_index":"","inline_featured_image":false,"footnotes":""},"class_list":["post-31601","page","type-page","status-publish","hentry"],"acf":[],"publishpress_future_action":{"enabled":false,"date":"2026-04-21 22:40:50","action":"change-status","newStatus":"draft","terms":[],"taxonomy":"translation_priority","extraData":[]},"publishpress_future_workflow_manual_trigger":{"enabledWorkflows":[]},"_links":{"self":[{"href":"https:\/\/kit.lukasiewicz.gov.pl\/en\/wp-json\/wp\/v2\/pages\/31601","targetHints":{"allow":["GET"]}}],"collection":[{"href":"https:\/\/kit.lukasiewicz.gov.pl\/en\/wp-json\/wp\/v2\/pages"}],"about":[{"href":"https:\/\/kit.lukasiewicz.gov.pl\/en\/wp-json\/wp\/v2\/types\/page"}],"author":[{"embeddable":true,"href":"https:\/\/kit.lukasiewicz.gov.pl\/en\/wp-json\/wp\/v2\/users\/21"}],"replies":[{"embeddable":true,"href":"https:\/\/kit.lukasiewicz.gov.pl\/en\/wp-json\/wp\/v2\/comments?post=31601"}],"version-history":[{"count":5,"href":"https:\/\/kit.lukasiewicz.gov.pl\/en\/wp-json\/wp\/v2\/pages\/31601\/revisions"}],"predecessor-version":[{"id":37451,"href":"https:\/\/kit.lukasiewicz.gov.pl\/en\/wp-json\/wp\/v2\/pages\/31601\/revisions\/37451"}],"wp:attachment":[{"href":"https:\/\/kit.lukasiewicz.gov.pl\/en\/wp-json\/wp\/v2\/media?parent=31601"}],"curies":[{"name":"wp","href":"https:\/\/api.w.org\/{rel}","templated":true}]}}